{"id":14,"date":"2016-09-05T20:00:36","date_gmt":"2016-09-05T20:00:36","guid":{"rendered":"http:\/\/demos.famethemes.com\/screenr\/?page_id=14"},"modified":"2021-06-07T20:56:39","modified_gmt":"2021-06-07T18:56:39","slug":"incredible-support","status":"publish","type":"page","link":"https:\/\/przychodniasosnicowice.com.pl\/?page_id=14","title":{"rendered":"Szczepienia przeciwko COVID-19"},"content":{"rendered":"<p>Ruszy\u0142y zapisy na szczepenia przeciwko COVID 19.<br>Zainteresowane osoby proszone o telefoniczny kontakt z poradni\u0105 w godz.&nbsp;15.00-18.00<br>pod nr 32 238 72 97 lub 32 238 71 55 lub poprzez email: <a href=\"mailto:szczepienia@przychodniasosnicowice.com.pl\">szczepienia@przychodniasosnicowice.com.pl<\/a><\/p>\n\n\n<figure class=\"wp-block-table\"><table><tbody><tr><td>Na wczeniej ustalony termin szczepenia prosz\u0119 stawi\u0107 si\u0119 z dowodem to\u017csamo\u015bci oraz wype\u0142nion\u0105 dokumentacj\u0105, kt\u00f3r\u0105 mo\u017cna pobra\u0107 ze strony internetowej (poni\u017cej) lub w o\u015brodku zdrowia&nbsp;<\/td><\/tr><tr><td><strong><a href=\"\/wp-content\/uploads\/2021\/01\/kwestionariusz.pdf\">Pobierz wymagan\u0105 dokumentacje<\/a><\/strong><\/td><\/tr><\/tbody><\/table><figcaption><a href=\"https:\/\/przychodniasosnicowice.com.pl\/wp-content\/uploads\/2021\/05\/oswiadczenie.odt\">Obowi\u0105zkowe do wype\u0142nienia o\u015bwiadczenie RODO &#8211; POBIERZ<\/a><\/figcaption><\/figure>\n\n\n\n<p class=\"has-text-align-center\">&nbsp;<br><br><strong><a href=\"\/wp-content\/uploads\/2021\/01\/ankieta.pdf\" target=\"_blank\" rel=\"noreferrer noopener\">Ankieta Epidemiologiczna Podejrzenia Zaka\u017cenia Koronawirusem<\/a><\/strong><\/p>\n\n\n\n<p class=\"has-medium-font-size\">W zwi\u0105zku z mo\u017cliwo\u015bci\u0105 szczepienia m\u0142odzie\u017cy przeciw COVID-19 informujemy, \u017ce dla tych os\u00f3b jest dedykowana osobna ankieta ( <a href=\"https:\/\/przychodniasosnicowice.com.pl\/wp-content\/uploads\/2021\/06\/ankieta-mlodz.pdf\">pobierz tutaj <\/a>). Osoby do 16 r.\u017c. b\u0119d\u0105 szczepione w obecno\u015bci rodzica lub opiekuna prawnego.<\/p>\n","protected":false},"excerpt":{"rendered":"<p>Ruszy\u0142y zapisy na szczepenia przeciwko COVID 19.<br \/>\nZainteresowane osoby proszone o telefoniczny kontakt z poradni\u0105 w godz.\u00a015.00-18.00<br \/>\npod nr\u00a032 238 72 97\u00a0lub\u00a032 238 71 55 lub szczepienia@przychodniasosnicowice.com.pl<\/p>\n","protected":false},"author":2,"featured_media":0,"parent":0,"menu_order":0,"comment_status":"closed","ping_status":"closed","template":"","meta":{"_monsterinsights_skip_tracking":false,"_monsterinsights_sitenote_active":false,"_monsterinsights_sitenote_note":"","_monsterinsights_sitenote_category":0,"footnotes":""},"class_list":["post-14","page","type-page","status-publish","hentry"],"_links":{"self":[{"href":"https:\/\/przychodniasosnicowice.com.pl\/index.php?rest_route=\/wp\/v2\/pages\/14","targetHints":{"allow":["GET"]}}],"collection":[{"href":"https:\/\/przychodniasosnicowice.com.pl\/index.php?rest_route=\/wp\/v2\/pages"}],"about":[{"href":"https:\/\/przychodniasosnicowice.com.pl\/index.php?rest_route=\/wp\/v2\/types\/page"}],"author":[{"embeddable":true,"href":"https:\/\/przychodniasosnicowice.com.pl\/index.php?rest_route=\/wp\/v2\/users\/2"}],"replies":[{"embeddable":true,"href":"https:\/\/przychodniasosnicowice.com.pl\/index.php?rest_route=%2Fwp%2Fv2%2Fcomments&post=14"}],"version-history":[{"count":16,"href":"https:\/\/przychodniasosnicowice.com.pl\/index.php?rest_route=\/wp\/v2\/pages\/14\/revisions"}],"predecessor-version":[{"id":1652,"href":"https:\/\/przychodniasosnicowice.com.pl\/index.php?rest_route=\/wp\/v2\/pages\/14\/revisions\/1652"}],"wp:attachment":[{"href":"https:\/\/przychodniasosnicowice.com.pl\/index.php?rest_route=%2Fwp%2Fv2%2Fmedia&parent=14"}],"curies":[{"name":"wp","href":"https:\/\/api.w.org\/{rel}","templated":true}]}}