{"id":1596,"date":"2021-03-26T16:22:29","date_gmt":"2021-03-26T15:22:29","guid":{"rendered":"http:\/\/przychodniasosnicowice.com.pl\/?page_id=1596"},"modified":"2021-03-26T16:22:30","modified_gmt":"2021-03-26T15:22:30","slug":"polityka-prywatnosci-mgzoz-sosnicowice","status":"publish","type":"page","link":"https:\/\/przychodniasosnicowice.com.pl\/?page_id=1596","title":{"rendered":"Polityka prywatno\u015bci MGZOZ So\u015bnicowice"},"content":{"rendered":"\n<p class=\"has-medium-font-size\">Zasady ochrony danych osobowych pacjent\u00f3w obowi\u0105zuj\u0105ce w MGZOZ<\/p>\n\n\n\n<p>Zgodnie z art. 13 ogdlnego rozporzadzenia o ochronie danych osobowych z dnia<br>27 kwietnia 2016 r. (Dz. Urz. UE L119 z 04.05.2016) informuje, iz:<\/p>\n\n\n\n<p>1) administratorem Pani\/Pana danych osobowych jest SPZOZ Miejsko Gminny<br>Osrodek Zdrowia ul. Gliwicka 28, 44-153 Sosnicowice.<\/p>\n\n\n\n<p>2) kontakt z Inspektorem Ochrony Danych \u2014 Tomasz Czok, iod@intall.pl.<\/p>\n\n\n\n<p>3) Pani\/Pana dane osobowe przetwarzane b\u0119d\u0105 w celu swiadczenia ustug<br>medycznych &#8211; na podstawie art. 6 ust. 1 lit. c og\u00f3Inego rozporzadzenia o ochronie<br>danych osobowych z dnia 27 kwietnia 2016 r. oraz na podstawie art. 9 ust.1 lit. h<br>og\u00f3lnego rozporzqadzenia o ochronie danych osobowych z dnia 27 kwietnia 2016 r<br>4) odbiorcami Pani\/Pana danych osobowych bed\u0105 wy\u0142acznie podmioty<br>uprawnione do uzyskania danych osobowych na podstawie przepis6w prawa<br>NFZ, oraz laboratoria analityczne, pracownie RTG i USG.<\/p>\n\n\n\n<p>5) Pani\/Pana dane osobowe przechowywane beda przez okres 20 lat.<\/p>\n\n\n\n<p>6) posiada Pani\/Pan prawo do zadania od administratora dostepu do danych<br>osobowych, ich sprostowania lub ograniczenia przetwarzania.<\/p>\n\n\n\n<p>7) ma Pani\/Pan prawo wniesienia skargi do organu nadzorczego.<\/p>\n\n\n\n<p>8) podanie danych osobowych jest obligatoryjne na mocy przepisu prawa.<\/p>\n","protected":false},"excerpt":{"rendered":"<p>Zasady ochrony danych osobowych pacjent\u00f3w obowi\u0105zuj\u0105ce w MGZOZ Zgodnie z art. 13 ogdlnego rozporzadzenia o ochronie danych osobowych z dnia27 kwietnia 2016 r. (Dz. Urz. UE L119 z 04.05.2016) informuje, iz: 1) administratorem Pani\/Pana danych osobowych jest SPZOZ Miejsko GminnyOsrodek Zdrowia ul. Gliwicka 28, 44-153 Sosnicowice. 2) kontakt z Inspektorem&#8230;<\/p>\n","protected":false},"author":1,"featured_media":0,"parent":0,"menu_order":0,"comment_status":"closed","ping_status":"closed","template":"","meta":{"_monsterinsights_skip_tracking":false,"_monsterinsights_sitenote_active":false,"_monsterinsights_sitenote_note":"","_monsterinsights_sitenote_category":0,"footnotes":""},"class_list":["post-1596","page","type-page","status-publish","hentry"],"_links":{"self":[{"href":"https:\/\/przychodniasosnicowice.com.pl\/index.php?rest_route=\/wp\/v2\/pages\/1596","targetHints":{"allow":["GET"]}}],"collection":[{"href":"https:\/\/przychodniasosnicowice.com.pl\/index.php?rest_route=\/wp\/v2\/pages"}],"about":[{"href":"https:\/\/przychodniasosnicowice.com.pl\/index.php?rest_route=\/wp\/v2\/types\/page"}],"author":[{"embeddable":true,"href":"https:\/\/przychodniasosnicowice.com.pl\/index.php?rest_route=\/wp\/v2\/users\/1"}],"replies":[{"embeddable":true,"href":"https:\/\/przychodniasosnicowice.com.pl\/index.php?rest_route=%2Fwp%2Fv2%2Fcomments&post=1596"}],"version-history":[{"count":1,"href":"https:\/\/przychodniasosnicowice.com.pl\/index.php?rest_route=\/wp\/v2\/pages\/1596\/revisions"}],"predecessor-version":[{"id":1597,"href":"https:\/\/przychodniasosnicowice.com.pl\/index.php?rest_route=\/wp\/v2\/pages\/1596\/revisions\/1597"}],"wp:attachment":[{"href":"https:\/\/przychodniasosnicowice.com.pl\/index.php?rest_route=%2Fwp%2Fv2%2Fmedia&parent=1596"}],"curies":[{"name":"wp","href":"https:\/\/api.w.org\/{rel}","templated":true}]}}